{"id":467,"date":"2018-09-01T10:46:07","date_gmt":"2018-09-01T08:46:07","guid":{"rendered":"https:\/\/dev.steelants.cz\/projekty\/md-injekce\/?page_id=467"},"modified":"2024-11-21T09:22:37","modified_gmt":"2024-11-21T09:22:37","slug":"uvod","status":"publish","type":"page","link":"https:\/\/www.mdkolagen.cz\/","title":{"rendered":"\u00daVOD"},"content":{"rendered":"<div class=\"youtube-cojsouinjekce\"><span style=\"color: #23282d; font-size: 2em; font-weight: 600;\">Co jsou GUNA MD INJEKCE?<\/span><\/div>\n<div class=\"cojeguna-text\">\n<hr \/>\n<p>P\u0159\u00edpravky<strong> COLLAGEN MEDICAL DEVICES<\/strong> (kolagenov\u00e9 MD injekce) jsou certifikovan\u00e9 zdravotnick\u00e9 prost\u0159edky ur\u010den\u00e9 k l\u00e9\u010db\u011b bolesti pohybov\u00e9ho apar\u00e1tu. Jsou vyr\u00e1b\u011bny italskou spole\u010dnost\u00ed GUNA, kter\u00e1 se ji\u017e v\u00edce ne\u017e dvacet let zab\u00fdv\u00e1 farmaceutick\u00fdm v\u00fdzkumem. Spole\u010dnost GUNA tradi\u010dn\u011b ve sv\u00fdch p\u0159\u00edpravc\u00edch vyu\u017e\u00edv\u00e1 p\u0159edev\u0161\u00edm t\u011blu vlastn\u00ed l\u00e1tky ve fyziologick\u00fdch koncentrac\u00edch v kombinaci s rostlinn\u00fdmi extrakty a dal\u0161\u00edmi p\u0159\u00edrodn\u00edmi l\u00e1tkami. Konceptem je tedy co nejp\u0159irozen\u011bji regulovat fyziologick\u00e9 funkce na\u0161eho organismu tam, kde je to pot\u0159eba. Do konceptu tohoto inovativn\u00edho l\u00e9ka\u0159sk\u00e9ho odv\u011btv\u00ed \u2212 tzv. \u201eFyziologick\u00e9 regula\u010dn\u00ed medic\u00edny\u201c \u2212 se \u0159ad\u00ed i MD kolagenov\u00e9 injekce. Jedn\u00e1 se o \u0159adu p\u0159\u00edpravk\u016f ur\u010den\u00fdch k l\u00e9\u010db\u011b bolest\u00ed, zp\u016fsoben\u00fdch r\u016fzn\u00fdmi nemocemi pohybov\u00e9ho a podp\u016frn\u00e9ho apar\u00e1tu.<\/p>\n<p><a href=\"https:\/\/www.mdkolagen.cz\/\/co-jsou-md-injekce\/\"><span style=\"color: #ff6600;\">v\u00edce<\/span><\/a><\/p>\n<\/div>\n<p><!--more--><\/p>\n","protected":false},"excerpt":{"rendered":"<p>Co jsou GUNA MD INJEKCE? P\u0159\u00edpravky COLLAGEN MEDICAL DEVICES (kolagenov\u00e9 MD injekce) jsou certifikovan\u00e9 zdravotnick\u00e9 prost\u0159edky ur\u010den\u00e9 k l\u00e9\u010db\u011b bolesti pohybov\u00e9ho apar\u00e1tu. Jsou vyr\u00e1b\u011bny italskou spole\u010dnost\u00ed GUNA, kter\u00e1 se ji\u017e v\u00edce ne\u017e dvacet let zab\u00fdv\u00e1 farmaceutick\u00fdm v\u00fdzkumem. Spole\u010dnost GUNA tradi\u010dn\u011b ve sv\u00fdch p\u0159\u00edpravc\u00edch vyu\u017e\u00edv\u00e1 p\u0159edev\u0161\u00edm t\u011blu vlastn\u00ed l\u00e1tky ve fyziologick\u00fdch koncentrac\u00edch v kombinaci s rostlinn\u00fdmi [&hellip;]<\/p>\n","protected":false},"author":1,"featured_media":0,"parent":0,"menu_order":0,"comment_status":"closed","ping_status":"closed","template":"","meta":{"footnotes":""},"class_list":["post-467","page","type-page","status-publish","hentry"],"_links":{"self":[{"href":"https:\/\/www.mdkolagen.cz\/index.php?rest_route=\/wp\/v2\/pages\/467","targetHints":{"allow":["GET"]}}],"collection":[{"href":"https:\/\/www.mdkolagen.cz\/index.php?rest_route=\/wp\/v2\/pages"}],"about":[{"href":"https:\/\/www.mdkolagen.cz\/index.php?rest_route=\/wp\/v2\/types\/page"}],"author":[{"embeddable":true,"href":"https:\/\/www.mdkolagen.cz\/index.php?rest_route=\/wp\/v2\/users\/1"}],"replies":[{"embeddable":true,"href":"https:\/\/www.mdkolagen.cz\/index.php?rest_route=%2Fwp%2Fv2%2Fcomments&post=467"}],"version-history":[{"count":3,"href":"https:\/\/www.mdkolagen.cz\/index.php?rest_route=\/wp\/v2\/pages\/467\/revisions"}],"predecessor-version":[{"id":1662,"href":"https:\/\/www.mdkolagen.cz\/index.php?rest_route=\/wp\/v2\/pages\/467\/revisions\/1662"}],"wp:attachment":[{"href":"https:\/\/www.mdkolagen.cz\/index.php?rest_route=%2Fwp%2Fv2%2Fmedia&parent=467"}],"curies":[{"name":"wp","href":"https:\/\/api.w.org\/{rel}","templated":true}]}}